{"id":17074,"date":"2025-09-24T22:22:34","date_gmt":"2025-09-24T22:22:34","guid":{"rendered":"https:\/\/doumarket.shop\/?post_type=product&#038;p=17074"},"modified":"2025-10-05T04:44:20","modified_gmt":"2025-10-05T04:44:20","slug":"parure-de-drap-6-pieces","status":"publish","type":"product","link":"https:\/\/doumarketdz.com\/?product=parure-de-drap-6-pieces","title":{"rendered":"Parure de drap 6 pi\u00e8ces"},"content":{"rendered":"<p>Parure de drap Chalutier 6 Pi\u00e8ces<br \/>\nune tr\u00e8s belle parure de draps sur tissu la toile de drap popeline polycoton de bonne qualit\u00e9 compos\u00e9e de 6 pi\u00e8ces:<br \/>\n*un drap plat de 260*240<br \/>\n*un drap housse king size<br \/>\n*4 taies d&rsquo;oreillers 2 en broderie et 2 simples 70*50cm<\/p>\n","protected":false},"excerpt":{"rendered":"<p>Parure de drap Chalutier 6 Pi\u00e8ces une tr\u00e8s belle parure de draps sur tissu la toile de drap popeline polycoton<\/p>\n","protected":false},"featured_media":17066,"comment_status":"open","ping_status":"closed","template":"","meta":[],"product_brand":[],"product_cat":[223,209,224],"product_tag":[],"class_list":{"0":"post-17074","1":"product","2":"type-product","3":"status-publish","4":"has-post-thumbnail","6":"product_cat-linge-de-lit","7":"product_cat-linge-de-maison","8":"product_cat-parures-brodees","10":"first","11":"instock","12":"sale","13":"shipping-taxable","14":"purchasable","15":"product-type-simple"},"_links":{"self":[{"href":"https:\/\/doumarketdz.com\/index.php?rest_route=\/wp\/v2\/product\/17074","targetHints":{"allow":["GET"]}}],"collection":[{"href":"https:\/\/doumarketdz.com\/index.php?rest_route=\/wp\/v2\/product"}],"about":[{"href":"https:\/\/doumarketdz.com\/index.php?rest_route=\/wp\/v2\/types\/product"}],"replies":[{"embeddable":true,"href":"https:\/\/doumarketdz.com\/index.php?rest_route=%2Fwp%2Fv2%2Fcomments&post=17074"}],"version-history":[{"count":1,"href":"https:\/\/doumarketdz.com\/index.php?rest_route=\/wp\/v2\/product\/17074\/revisions"}],"predecessor-version":[{"id":17079,"href":"https:\/\/doumarketdz.com\/index.php?rest_route=\/wp\/v2\/product\/17074\/revisions\/17079"}],"wp:featuredmedia":[{"embeddable":true,"href":"https:\/\/doumarketdz.com\/index.php?rest_route=\/wp\/v2\/media\/17066"}],"wp:attachment":[{"href":"https:\/\/doumarketdz.com\/index.php?rest_route=%2Fwp%2Fv2%2Fmedia&parent=17074"}],"wp:term":[{"taxonomy":"product_brand","embeddable":true,"href":"https:\/\/doumarketdz.com\/index.php?rest_route=%2Fwp%2Fv2%2Fproduct_brand&post=17074"},{"taxonomy":"product_cat","embeddable":true,"href":"https:\/\/doumarketdz.com\/index.php?rest_route=%2Fwp%2Fv2%2Fproduct_cat&post=17074"},{"taxonomy":"product_tag","embeddable":true,"href":"https:\/\/doumarketdz.com\/index.php?rest_route=%2Fwp%2Fv2%2Fproduct_tag&post=17074"}],"curies":[{"name":"wp","href":"https:\/\/api.w.org\/{rel}","templated":true}]}}