{"id":16988,"date":"2025-04-22T10:32:26","date_gmt":"2025-04-22T10:32:26","guid":{"rendered":"https:\/\/doumarket.shop\/?post_type=product&#038;p=16988"},"modified":"2025-06-29T03:33:24","modified_gmt":"2025-06-29T03:33:24","slug":"ghorzet-hseb-moderne-de-7-pieces","status":"publish","type":"product","link":"https:\/\/doumarketdz.com\/?product=ghorzet-hseb-moderne-de-7-pieces","title":{"rendered":"Ghorzet Hseb Mod\u00e8rne de 7 pi\u00e8ces"},"content":{"rendered":"<p>Chora ghorzet hseb mod\u00e8rne compos\u00e9e de 7 pi\u00e8ces<\/p>\n<p>drap plat 260*240<\/p>\n<p>deux taies d&rsquo;oreilles 70*50<\/p>\n<p>deux taies d&rsquo;oreilles 60*60<\/p>\n<p>deux jet\u00e9s 50*35<\/p>\n<p>un plaide en extra \u00e0 2000 da<\/p>\n","protected":false},"excerpt":{"rendered":"<p>Chora ghorzet hseb mod\u00e8rne compos\u00e9e de 7 pi\u00e8ces drap plat 260*240 deux taies d&rsquo;oreilles 70*50 deux taies d&rsquo;oreilles 60*60 deux<\/p>\n","protected":false},"featured_media":16889,"comment_status":"open","ping_status":"closed","template":"","meta":[],"product_brand":[],"product_cat":[227,223,209],"product_tag":[],"class_list":{"0":"post-16988","1":"product","2":"type-product","3":"status-publish","4":"has-post-thumbnail","6":"product_cat-chora-ghorzet-hseb","7":"product_cat-linge-de-lit","8":"product_cat-linge-de-maison","10":"first","11":"instock","12":"shipping-taxable","13":"purchasable","14":"product-type-variable"},"_links":{"self":[{"href":"https:\/\/doumarketdz.com\/index.php?rest_route=\/wp\/v2\/product\/16988","targetHints":{"allow":["GET"]}}],"collection":[{"href":"https:\/\/doumarketdz.com\/index.php?rest_route=\/wp\/v2\/product"}],"about":[{"href":"https:\/\/doumarketdz.com\/index.php?rest_route=\/wp\/v2\/types\/product"}],"replies":[{"embeddable":true,"href":"https:\/\/doumarketdz.com\/index.php?rest_route=%2Fwp%2Fv2%2Fcomments&post=16988"}],"version-history":[{"count":3,"href":"https:\/\/doumarketdz.com\/index.php?rest_route=\/wp\/v2\/product\/16988\/revisions"}],"predecessor-version":[{"id":16995,"href":"https:\/\/doumarketdz.com\/index.php?rest_route=\/wp\/v2\/product\/16988\/revisions\/16995"}],"wp:featuredmedia":[{"embeddable":true,"href":"https:\/\/doumarketdz.com\/index.php?rest_route=\/wp\/v2\/media\/16889"}],"wp:attachment":[{"href":"https:\/\/doumarketdz.com\/index.php?rest_route=%2Fwp%2Fv2%2Fmedia&parent=16988"}],"wp:term":[{"taxonomy":"product_brand","embeddable":true,"href":"https:\/\/doumarketdz.com\/index.php?rest_route=%2Fwp%2Fv2%2Fproduct_brand&post=16988"},{"taxonomy":"product_cat","embeddable":true,"href":"https:\/\/doumarketdz.com\/index.php?rest_route=%2Fwp%2Fv2%2Fproduct_cat&post=16988"},{"taxonomy":"product_tag","embeddable":true,"href":"https:\/\/doumarketdz.com\/index.php?rest_route=%2Fwp%2Fv2%2Fproduct_tag&post=16988"}],"curies":[{"name":"wp","href":"https:\/\/api.w.org\/{rel}","templated":true}]}}