{"id":16983,"date":"2025-04-22T10:01:57","date_gmt":"2025-04-22T10:01:57","guid":{"rendered":"https:\/\/doumarket.shop\/?post_type=product&#038;p=16983"},"modified":"2025-04-22T10:09:41","modified_gmt":"2025-04-22T10:09:41","slug":"les-etageres-en-broderie","status":"publish","type":"product","link":"https:\/\/doumarketdz.com\/?product=les-etageres-en-broderie","title":{"rendered":"les \u00e9tag\u00e8res en broderie"},"content":{"rendered":"<p>les \u00e9tag\u00e8res en broderie travail tr\u00e8s bien fini sur tissu popeline de qualit\u00e9<\/p>\n<p>Disponible en blanc et dor\u00e9<\/p>\n<p>Dimensions: 80 cm*60 cm<\/p>\n<p>Comme vous pouvez demander autres coloris et autres dimensions selon votre choix en contactons le num\u00e9ro WhatsApp 0659230566<\/p>\n","protected":false},"excerpt":{"rendered":"<p>les \u00e9tag\u00e8res en broderie travail tr\u00e8s bien fini sur tissu popeline de qualit\u00e9 Disponible en blanc et dor\u00e9 Dimensions: 80<\/p>\n","protected":false},"featured_media":16954,"comment_status":"open","ping_status":"closed","template":"","meta":[],"product_brand":[],"product_cat":[213,209],"product_tag":[],"class_list":{"0":"post-16983","1":"product","2":"type-product","3":"status-publish","4":"has-post-thumbnail","6":"product_cat-accessoires","7":"product_cat-linge-de-maison","9":"first","10":"instock","11":"shipping-taxable","12":"purchasable","13":"product-type-variable"},"_links":{"self":[{"href":"https:\/\/doumarketdz.com\/index.php?rest_route=\/wp\/v2\/product\/16983","targetHints":{"allow":["GET"]}}],"collection":[{"href":"https:\/\/doumarketdz.com\/index.php?rest_route=\/wp\/v2\/product"}],"about":[{"href":"https:\/\/doumarketdz.com\/index.php?rest_route=\/wp\/v2\/types\/product"}],"replies":[{"embeddable":true,"href":"https:\/\/doumarketdz.com\/index.php?rest_route=%2Fwp%2Fv2%2Fcomments&post=16983"}],"version-history":[{"count":1,"href":"https:\/\/doumarketdz.com\/index.php?rest_route=\/wp\/v2\/product\/16983\/revisions"}],"predecessor-version":[{"id":16984,"href":"https:\/\/doumarketdz.com\/index.php?rest_route=\/wp\/v2\/product\/16983\/revisions\/16984"}],"wp:featuredmedia":[{"embeddable":true,"href":"https:\/\/doumarketdz.com\/index.php?rest_route=\/wp\/v2\/media\/16954"}],"wp:attachment":[{"href":"https:\/\/doumarketdz.com\/index.php?rest_route=%2Fwp%2Fv2%2Fmedia&parent=16983"}],"wp:term":[{"taxonomy":"product_brand","embeddable":true,"href":"https:\/\/doumarketdz.com\/index.php?rest_route=%2Fwp%2Fv2%2Fproduct_brand&post=16983"},{"taxonomy":"product_cat","embeddable":true,"href":"https:\/\/doumarketdz.com\/index.php?rest_route=%2Fwp%2Fv2%2Fproduct_cat&post=16983"},{"taxonomy":"product_tag","embeddable":true,"href":"https:\/\/doumarketdz.com\/index.php?rest_route=%2Fwp%2Fv2%2Fproduct_tag&post=16983"}],"curies":[{"name":"wp","href":"https:\/\/api.w.org\/{rel}","templated":true}]}}