{"id":16724,"date":"2025-03-11T06:16:46","date_gmt":"2025-03-11T06:16:46","guid":{"rendered":"https:\/\/doumarket.shop\/?post_type=product&#038;p=16724"},"modified":"2025-03-11T06:33:31","modified_gmt":"2025-03-11T06:33:31","slug":"bernous-berbere","status":"publish","type":"product","link":"https:\/\/doumarketdz.com\/?product=bernous-berbere","title":{"rendered":"Bernous Berb\u00e8re"},"content":{"rendered":"<p>Bernous berb\u00e8re travailler en broderie de couleurs sur tissu sousdi de haute qualit\u00e9, tr\u00e8s bien fini avec des bordure de crochet fait \u00e0 la main pour une mari\u00e9e \u00e9l\u00e9gante qui aime la tradition Alg\u00e9rienne et l&rsquo;\u00e9l\u00e9gance au m\u00eame temps.<\/p>\n","protected":false},"excerpt":{"rendered":"<p>Bernous berb\u00e8re travailler en broderie de couleurs sur tissu sousdi de haute qualit\u00e9, tr\u00e8s bien fini avec des bordure de<\/p>\n","protected":false},"featured_media":16434,"comment_status":"open","ping_status":"closed","template":"","meta":[],"product_brand":[],"product_cat":[217,219,210],"product_tag":[],"class_list":{"0":"post-16724","1":"product","2":"type-product","3":"status-publish","4":"has-post-thumbnail","6":"product_cat-affaires-mariees","7":"product_cat-bernous","8":"product_cat-femme","10":"first","11":"instock","12":"sale","13":"shipping-taxable","14":"purchasable","15":"product-type-simple"},"_links":{"self":[{"href":"https:\/\/doumarketdz.com\/index.php?rest_route=\/wp\/v2\/product\/16724","targetHints":{"allow":["GET"]}}],"collection":[{"href":"https:\/\/doumarketdz.com\/index.php?rest_route=\/wp\/v2\/product"}],"about":[{"href":"https:\/\/doumarketdz.com\/index.php?rest_route=\/wp\/v2\/types\/product"}],"replies":[{"embeddable":true,"href":"https:\/\/doumarketdz.com\/index.php?rest_route=%2Fwp%2Fv2%2Fcomments&post=16724"}],"version-history":[{"count":1,"href":"https:\/\/doumarketdz.com\/index.php?rest_route=\/wp\/v2\/product\/16724\/revisions"}],"predecessor-version":[{"id":16725,"href":"https:\/\/doumarketdz.com\/index.php?rest_route=\/wp\/v2\/product\/16724\/revisions\/16725"}],"wp:featuredmedia":[{"embeddable":true,"href":"https:\/\/doumarketdz.com\/index.php?rest_route=\/wp\/v2\/media\/16434"}],"wp:attachment":[{"href":"https:\/\/doumarketdz.com\/index.php?rest_route=%2Fwp%2Fv2%2Fmedia&parent=16724"}],"wp:term":[{"taxonomy":"product_brand","embeddable":true,"href":"https:\/\/doumarketdz.com\/index.php?rest_route=%2Fwp%2Fv2%2Fproduct_brand&post=16724"},{"taxonomy":"product_cat","embeddable":true,"href":"https:\/\/doumarketdz.com\/index.php?rest_route=%2Fwp%2Fv2%2Fproduct_cat&post=16724"},{"taxonomy":"product_tag","embeddable":true,"href":"https:\/\/doumarketdz.com\/index.php?rest_route=%2Fwp%2Fv2%2Fproduct_tag&post=16724"}],"curies":[{"name":"wp","href":"https:\/\/api.w.org\/{rel}","templated":true}]}}