{"id":16484,"date":"2025-01-27T21:38:55","date_gmt":"2025-01-27T21:38:55","guid":{"rendered":"https:\/\/doumarket.shop\/?post_type=product&#038;p=16484"},"modified":"2025-10-04T09:32:01","modified_gmt":"2025-10-04T09:32:01","slug":"16484","status":"publish","type":"product","link":"https:\/\/doumarketdz.com\/?product=16484","title":{"rendered":"Bernous Hrir avec perlage"},"content":{"rendered":"<p><img fetchpriority=\"high\" decoding=\"async\" class=\"alignnone size-medium wp-image-16485\" src=\"https:\/\/doumarket.shop\/wp-content\/uploads\/2025\/01\/photo_2025-01-25_22-32-30-1-169x300.jpg\" alt=\"\" width=\"169\" height=\"300\" srcset=\"https:\/\/doumarketdz.com\/wp-content\/uploads\/2025\/01\/photo_2025-01-25_22-32-30-1-169x300.jpg 169w, https:\/\/doumarketdz.com\/wp-content\/uploads\/2025\/01\/photo_2025-01-25_22-32-30-1-450x800.jpg 450w, https:\/\/doumarketdz.com\/wp-content\/uploads\/2025\/01\/photo_2025-01-25_22-32-30-1-7x12.jpg 7w, https:\/\/doumarketdz.com\/wp-content\/uploads\/2025\/01\/photo_2025-01-25_22-32-30-1-430x764.jpg 430w, https:\/\/doumarketdz.com\/wp-content\/uploads\/2025\/01\/photo_2025-01-25_22-32-30-1-700x1244.jpg 700w, https:\/\/doumarketdz.com\/wp-content\/uploads\/2025\/01\/photo_2025-01-25_22-32-30-1-150x267.jpg 150w, https:\/\/doumarketdz.com\/wp-content\/uploads\/2025\/01\/photo_2025-01-25_22-32-30-1.jpg 720w\" sizes=\"(max-width: 169px) 100vw, 169px\" \/>Bernous pour mari\u00e9es travailler avec chaara dor\u00e9 , du perlage hor et doubler avec du soie fini par sfifa dor\u00e9 au bordures<\/p>\n<p>c&rsquo;est juste magnifique!!!<\/p>\n","protected":false},"excerpt":{"rendered":"<p>Bernous pour mari\u00e9es travailler avec chaara dor\u00e9 , du perlage hor et doubler avec du soie fini par sfifa dor\u00e9<\/p>\n","protected":false},"featured_media":16485,"comment_status":"open","ping_status":"closed","template":"","meta":[],"product_brand":[],"product_cat":[217,219,210],"product_tag":[],"class_list":{"0":"post-16484","1":"product","2":"type-product","3":"status-publish","4":"has-post-thumbnail","6":"product_cat-affaires-mariees","7":"product_cat-bernous","8":"product_cat-femme","10":"first","11":"instock","12":"shipping-taxable","13":"purchasable","14":"product-type-simple"},"_links":{"self":[{"href":"https:\/\/doumarketdz.com\/index.php?rest_route=\/wp\/v2\/product\/16484","targetHints":{"allow":["GET"]}}],"collection":[{"href":"https:\/\/doumarketdz.com\/index.php?rest_route=\/wp\/v2\/product"}],"about":[{"href":"https:\/\/doumarketdz.com\/index.php?rest_route=\/wp\/v2\/types\/product"}],"replies":[{"embeddable":true,"href":"https:\/\/doumarketdz.com\/index.php?rest_route=%2Fwp%2Fv2%2Fcomments&post=16484"}],"version-history":[{"count":2,"href":"https:\/\/doumarketdz.com\/index.php?rest_route=\/wp\/v2\/product\/16484\/revisions"}],"predecessor-version":[{"id":16490,"href":"https:\/\/doumarketdz.com\/index.php?rest_route=\/wp\/v2\/product\/16484\/revisions\/16490"}],"wp:featuredmedia":[{"embeddable":true,"href":"https:\/\/doumarketdz.com\/index.php?rest_route=\/wp\/v2\/media\/16485"}],"wp:attachment":[{"href":"https:\/\/doumarketdz.com\/index.php?rest_route=%2Fwp%2Fv2%2Fmedia&parent=16484"}],"wp:term":[{"taxonomy":"product_brand","embeddable":true,"href":"https:\/\/doumarketdz.com\/index.php?rest_route=%2Fwp%2Fv2%2Fproduct_brand&post=16484"},{"taxonomy":"product_cat","embeddable":true,"href":"https:\/\/doumarketdz.com\/index.php?rest_route=%2Fwp%2Fv2%2Fproduct_cat&post=16484"},{"taxonomy":"product_tag","embeddable":true,"href":"https:\/\/doumarketdz.com\/index.php?rest_route=%2Fwp%2Fv2%2Fproduct_tag&post=16484"}],"curies":[{"name":"wp","href":"https:\/\/api.w.org\/{rel}","templated":true}]}}