{"id":16369,"date":"2025-01-25T20:56:51","date_gmt":"2025-01-25T20:56:51","guid":{"rendered":"https:\/\/doumarket.shop\/?post_type=product&#038;p=16369"},"modified":"2025-10-04T09:32:22","modified_gmt":"2025-10-04T09:32:22","slug":"couvre-lit-bordeau-en-broderie","status":"publish","type":"product","link":"https:\/\/doumarketdz.com\/?product=couvre-lit-bordeau-en-broderie","title":{"rendered":"Couvre-lit Bordeau en broderie"},"content":{"rendered":"<p>Couvre-lit Bordeau en broderie composer de 7 pi\u00e8ces<\/p>\n<p>Couvre-lit exceptionnel dans une couleur magnifique. D\u00e9cor\u00e9 de broderies modernes et \u00e9l\u00e9gantes pour une chambre romantique et f\u00e9minine. un couvre-lit matelass\u00e9 chaleureux et confortable pour des jours de bonheur conjugal<\/p>\n<p>\u2611\ufe0f7 pi\u00e8ces<br \/>\n\ud83e\ude78tr\u00e8s beau couvre lit et 2 taie d&rsquo;oreiller unis et coussin d\u00e9coratif en voleur de haut qualit\u00e9 \ud83d\udcaf<br \/>\n\ud83e\ude78Drap plat et 2 taies d&rsquo;oreiller brod\u00e9 en fil de soie sur m\u00e9tisse ou drap Turc 100% Cotton<\/p>\n<p>Dimensions :<br \/>\n&#8211; Couvre lit ( 260\/240)<br \/>\n&#8211; Drap :(260\/240)<br \/>\n&#8211; Taie d&rsquo;oreiller : (70\/50)<br \/>\n&#8211; Coussin d\u00e9coratif: (40\/40)<\/p>\n<p>\u2611\ufe0fLa livraison disponible vers 58 wilayas \ud83d\ude9a\ud83d\ude9a<\/p>\n<p>t<img fetchpriority=\"high\" decoding=\"async\" class=\"alignnone size-medium wp-image-16370\" src=\"https:\/\/doumarket.shop\/wp-content\/uploads\/2025\/01\/received_632602869188666-225x300.jpeg\" alt=\"\" width=\"225\" height=\"300\" srcset=\"https:\/\/doumarketdz.com\/wp-content\/uploads\/2025\/01\/received_632602869188666-225x300.jpeg 225w, https:\/\/doumarketdz.com\/wp-content\/uploads\/2025\/01\/received_632602869188666-600x800.jpeg 600w, https:\/\/doumarketdz.com\/wp-content\/uploads\/2025\/01\/received_632602869188666-768x1024.jpeg 768w, https:\/\/doumarketdz.com\/wp-content\/uploads\/2025\/01\/received_632602869188666-9x12.jpeg 9w, https:\/\/doumarketdz.com\/wp-content\/uploads\/2025\/01\/received_632602869188666-430x573.jpeg 430w, https:\/\/doumarketdz.com\/wp-content\/uploads\/2025\/01\/received_632602869188666-700x933.jpeg 700w, https:\/\/doumarketdz.com\/wp-content\/uploads\/2025\/01\/received_632602869188666-150x200.jpeg 150w, https:\/\/doumarketdz.com\/wp-content\/uploads\/2025\/01\/received_632602869188666.jpeg 828w\" sizes=\"(max-width: 225px) 100vw, 225px\" \/><\/p>\n","protected":false},"excerpt":{"rendered":"<p><img fetchpriority=\"high\" decoding=\"async\" class=\"alignnone size-medium wp-image-16370\" src=\"https:\/\/doumarket.shop\/wp-content\/uploads\/2025\/01\/received_632602869188666-225x300.jpeg\" alt=\"\" width=\"225\" height=\"300\" srcset=\"https:\/\/doumarketdz.com\/wp-content\/uploads\/2025\/01\/received_632602869188666-225x300.jpeg 225w, https:\/\/doumarketdz.com\/wp-content\/uploads\/2025\/01\/received_632602869188666-600x800.jpeg 600w, https:\/\/doumarketdz.com\/wp-content\/uploads\/2025\/01\/received_632602869188666-768x1024.jpeg 768w, https:\/\/doumarketdz.com\/wp-content\/uploads\/2025\/01\/received_632602869188666-9x12.jpeg 9w, https:\/\/doumarketdz.com\/wp-content\/uploads\/2025\/01\/received_632602869188666-430x573.jpeg 430w, https:\/\/doumarketdz.com\/wp-content\/uploads\/2025\/01\/received_632602869188666-700x933.jpeg 700w, https:\/\/doumarketdz.com\/wp-content\/uploads\/2025\/01\/received_632602869188666-150x200.jpeg 150w, https:\/\/doumarketdz.com\/wp-content\/uploads\/2025\/01\/received_632602869188666.jpeg 828w\" sizes=\"(max-width: 225px) 100vw, 225px\" \/><\/p>\n","protected":false},"featured_media":16370,"comment_status":"open","ping_status":"closed","template":"","meta":[],"product_brand":[],"product_cat":[225,223,209],"product_tag":[],"class_list":{"0":"post-16369","1":"product","2":"type-product","3":"status-publish","4":"has-post-thumbnail","6":"product_cat-couvre-lit","7":"product_cat-linge-de-lit","8":"product_cat-linge-de-maison","10":"first","11":"instock","12":"sale","13":"shipping-taxable","14":"purchasable","15":"product-type-variable"},"_links":{"self":[{"href":"https:\/\/doumarketdz.com\/index.php?rest_route=\/wp\/v2\/product\/16369","targetHints":{"allow":["GET"]}}],"collection":[{"href":"https:\/\/doumarketdz.com\/index.php?rest_route=\/wp\/v2\/product"}],"about":[{"href":"https:\/\/doumarketdz.com\/index.php?rest_route=\/wp\/v2\/types\/product"}],"replies":[{"embeddable":true,"href":"https:\/\/doumarketdz.com\/index.php?rest_route=%2Fwp%2Fv2%2Fcomments&post=16369"}],"version-history":[{"count":5,"href":"https:\/\/doumarketdz.com\/index.php?rest_route=\/wp\/v2\/product\/16369\/revisions"}],"predecessor-version":[{"id":16642,"href":"https:\/\/doumarketdz.com\/index.php?rest_route=\/wp\/v2\/product\/16369\/revisions\/16642"}],"wp:featuredmedia":[{"embeddable":true,"href":"https:\/\/doumarketdz.com\/index.php?rest_route=\/wp\/v2\/media\/16370"}],"wp:attachment":[{"href":"https:\/\/doumarketdz.com\/index.php?rest_route=%2Fwp%2Fv2%2Fmedia&parent=16369"}],"wp:term":[{"taxonomy":"product_brand","embeddable":true,"href":"https:\/\/doumarketdz.com\/index.php?rest_route=%2Fwp%2Fv2%2Fproduct_brand&post=16369"},{"taxonomy":"product_cat","embeddable":true,"href":"https:\/\/doumarketdz.com\/index.php?rest_route=%2Fwp%2Fv2%2Fproduct_cat&post=16369"},{"taxonomy":"product_tag","embeddable":true,"href":"https:\/\/doumarketdz.com\/index.php?rest_route=%2Fwp%2Fv2%2Fproduct_tag&post=16369"}],"curies":[{"name":"wp","href":"https:\/\/api.w.org\/{rel}","templated":true}]}}